{"id":6548,"date":"2018-03-27T18:09:12","date_gmt":"2018-03-27T16:09:12","guid":{"rendered":"http:\/\/www.minelec.fr\/?page_id=6548"},"modified":"2018-03-28T12:05:46","modified_gmt":"2018-03-28T10:05:46","slug":"contact-us","status":"publish","type":"page","link":"https:\/\/www.minelec.fr\/en\/contact-us\/","title":{"rendered":"Contact us!"},"content":{"rendered":"<p style=\"text-align: center;\"><span class=\"bleuTitreC\">Min\u00e9lec<\/span><br \/>\nZ.A. le Boulais &#8211; 35690 Acign\u00e9<br \/>\nT\u00e9l\u00e9phone : 02 23 35 53 70<\/p>\n<p style=\"text-align: center;\">N&#8217;HESITEZ PAS A NOUS CONTACTER DIRECTEMENT PAR LE BIAIS DE CE FORMULAIRE :<br \/>\n&#8230;notre \u00e9quipe vous r\u00e9pondra dans les plus brefs d\u00e9lais.<\/p>\n<div class=\"caldera-grid\" id=\"caldera_form_1\" data-cf-ver=\"1.6.0\" data-cf-form-id=\"CF5abb68684ee1e\"><div id=\"caldera_notices_1\" data-spinner=\"https:\/\/www.minelec.fr\/wp-admin\/images\/spinner.gif\"><\/div><form data-instance=\"1\" class=\"CF5abb68684ee1e caldera_forms_form cfajax-trigger\" method=\"POST\" enctype=\"multipart\/form-data\" id=\"CF5abb68684ee1e_1\" data-form-id=\"CF5abb68684ee1e\" aria-label=\"Contact EN\" data-target=\"#caldera_notices_1\" data-template=\"#cfajax_CF5abb68684ee1e-tmpl\" data-cfajax=\"CF5abb68684ee1e\" data-load-element=\"_parent\" data-load-class=\"cf_processing\" data-post-disable=\"0\" data-action=\"cf_process_ajax_submit\" data-request=\"https:\/\/www.minelec.fr\/en\/\/cf-api\/CF5abb68684ee1e\" data-hiderows=\"true\">\r\n<input type=\"hidden\" id=\"_cf_verify_CF5abb68684ee1e\" name=\"_cf_verify\" value=\"25f285d7b8\"  data-nonce-time=\"1778183671\" \/><input type=\"hidden\" name=\"_wp_http_referer\" value=\"\/en\/wp-json\/wp\/v2\/pages\/6548\" \/><input type=\"hidden\" name=\"_cf_frm_id\" value=\"CF5abb68684ee1e\">\r\n<input type=\"hidden\" name=\"_cf_frm_ct\" value=\"1\">\r\n<input type=\"hidden\" name=\"cfajax\" value=\"CF5abb68684ee1e\">\r\n<input type=\"hidden\" name=\"_cf_cr_pst\" value=\"6548\">\r\n<div class=\"hide\" style=\"display:none; overflow:hidden;height:0;width:0;\">\r\n<label>Web Site<\/label><input type=\"text\" name=\"web_site\" value=\"\" autocomplete=\"off\">\r\n<\/div><div id=\"CF5abb68684ee1e_1-row-1\"  class=\"row  first_row\"><div  class=\"col-sm-6  first_col\"><div data-field-wrapper=\"fld_8158087\" class=\"form-group\" id=\"fld_8158087_1-wrap\">\r\n\t<label id=\"fld_8158087Label\" for=\"fld_8158087_1\" class=\"control-label\">Social reason <span aria-hidden=\"true\" role=\"presentation\" class=\"field_required\" style=\"color:#ee0000;\">*<\/span><\/label>\r\n\t<div class=\"\">\r\n\t\t<input   required type=\"text\" data-field=\"fld_8158087\" class=\" form-control\" id=\"fld_8158087_1\" name=\"fld_8158087\" value=\"\" data-type=\"text\" aria-required=\"true\"   aria-labelledby=\"fld_8158087Label\" >\t\t\t<\/div>\r\n<\/div>\r\n<\/div><div  class=\"col-sm-6  last_col\"><div data-field-wrapper=\"fld_8414588\" class=\"form-group\" id=\"fld_8414588_1-wrap\">\r\n\t<label id=\"fld_8414588Label\" for=\"fld_8414588_1\" class=\"control-label\">Function <span aria-hidden=\"true\" role=\"presentation\" class=\"field_required\" style=\"color:#ee0000;\">*<\/span><\/label>\r\n\t<div class=\"\">\r\n\t\t<input   required type=\"text\" data-field=\"fld_8414588\" class=\" form-control\" id=\"fld_8414588_1\" name=\"fld_8414588\" value=\"\" data-type=\"text\" aria-required=\"true\"   aria-labelledby=\"fld_8414588Label\" >\t\t\t<\/div>\r\n<\/div>\r\n<\/div><\/div><div id=\"CF5abb68684ee1e_1-row-2\"  class=\"row \"><div  class=\"col-sm-6  first_col\"><div data-field-wrapper=\"fld_9970286\" class=\"form-group\" id=\"fld_9970286_1-wrap\">\r\n\t<label id=\"fld_9970286Label\" for=\"fld_9970286_1\" class=\"control-label\">Last name <span aria-hidden=\"true\" role=\"presentation\" class=\"field_required\" style=\"color:#ee0000;\">*<\/span><\/label>\r\n\t<div class=\"\">\r\n\t\t<input   required type=\"text\" data-field=\"fld_9970286\" class=\" form-control\" id=\"fld_9970286_1\" name=\"fld_9970286\" value=\"\" data-type=\"text\" aria-required=\"true\"   aria-labelledby=\"fld_9970286Label\" >\t\t\t<\/div>\r\n<\/div>\r\n<\/div><div  class=\"col-sm-6  last_col\"><div data-field-wrapper=\"fld_8768091\" class=\"form-group\" id=\"fld_8768091_1-wrap\">\r\n\t<label id=\"fld_8768091Label\" for=\"fld_8768091_1\" class=\"control-label\">First name <span aria-hidden=\"true\" role=\"presentation\" class=\"field_required\" style=\"color:#ee0000;\">*<\/span><\/label>\r\n\t<div class=\"\">\r\n\t\t<input   required type=\"text\" data-field=\"fld_8768091\" class=\" form-control\" id=\"fld_8768091_1\" name=\"fld_8768091\" value=\"\" data-type=\"text\" aria-required=\"true\"   aria-labelledby=\"fld_8768091Label\" >\t\t\t<\/div>\r\n<\/div>\r\n<\/div><\/div><div id=\"CF5abb68684ee1e_1-row-3\"  class=\"row \"><div  class=\"col-sm-12  single\"><div data-field-wrapper=\"fld_6479916\" class=\"form-group\" id=\"fld_6479916_1-wrap\">\r\n\t<label id=\"fld_6479916Label\" for=\"fld_6479916_1\" class=\"control-label\">Address<\/label>\r\n\t<div class=\"\">\r\n\t\t<input    type=\"text\" data-field=\"fld_6479916\" class=\" form-control\" id=\"fld_6479916_1\" name=\"fld_6479916\" value=\"\" data-type=\"text\"   aria-labelledby=\"fld_6479916Label\" >\t\t\t<\/div>\r\n<\/div>\r\n<\/div><\/div><div id=\"CF5abb68684ee1e_1-row-4\"  class=\"row \"><div  class=\"col-sm-6  first_col\"><div data-field-wrapper=\"fld_9021323\" class=\"form-group col-33\" id=\"fld_9021323_1-wrap\">\r\n\t<label id=\"fld_9021323Label\" for=\"fld_9021323_1\" class=\"control-label\">Postal code<\/label>\r\n\t<div class=\"\">\r\n\t\t<input    type=\"text\" data-field=\"fld_9021323\" class=\" form-control\" id=\"fld_9021323_1\" name=\"fld_9021323\" value=\"\" data-type=\"text\"   aria-labelledby=\"fld_9021323Label\" >\t\t\t<\/div>\r\n<\/div>\r\n<\/div><div  class=\"col-sm-6  last_col\"><div data-field-wrapper=\"fld_3399570\" class=\"form-group\" id=\"fld_3399570_1-wrap\">\r\n\t<label id=\"fld_3399570Label\" for=\"fld_3399570_1\" class=\"control-label\">City<\/label>\r\n\t<div class=\"\">\r\n\t\t<input    type=\"text\" data-field=\"fld_3399570\" class=\" form-control\" id=\"fld_3399570_1\" name=\"fld_3399570\" value=\"\" data-type=\"text\"   aria-labelledby=\"fld_3399570Label\" >\t\t\t<\/div>\r\n<\/div>\r\n<\/div><\/div><div id=\"CF5abb68684ee1e_1-row-5\"  class=\"row \"><div  class=\"col-sm-12  single\"><div data-field-wrapper=\"fld_8035480\" class=\"form-group col-50\" id=\"fld_8035480_1-wrap\">\r\n\t<label id=\"fld_8035480Label\" for=\"fld_8035480_1\" class=\"control-label\">Country<\/label>\r\n\t<div class=\"\">\r\n\t\t<input    type=\"text\" data-field=\"fld_8035480\" class=\" form-control\" id=\"fld_8035480_1\" name=\"fld_8035480\" value=\"\" data-type=\"text\"   aria-labelledby=\"fld_8035480Label\" >\t\t\t<\/div>\r\n<\/div>\r\n<\/div><\/div><div id=\"CF5abb68684ee1e_1-row-6\"  class=\"row \"><div  class=\"col-sm-6  first_col\"><div data-field-wrapper=\"fld_891490\" class=\"form-group\" id=\"fld_891490_1-wrap\">\r\n\t<label id=\"fld_891490Label\" for=\"fld_891490_1\" class=\"control-label\">Phone <span aria-hidden=\"true\" role=\"presentation\" class=\"field_required\" style=\"color:#ee0000;\">*<\/span><\/label>\r\n\t<div class=\"\">\r\n\t\t<input   required type=\"text\" data-field=\"fld_891490\" class=\" form-control\" id=\"fld_891490_1\" name=\"fld_891490\" value=\"\" data-type=\"text\" aria-required=\"true\"   aria-labelledby=\"fld_891490Label\" >\t\t\t<\/div>\r\n<\/div>\r\n<\/div><div  class=\"col-sm-6  last_col\"><div data-field-wrapper=\"fld_9826293\" class=\"form-group\" id=\"fld_9826293_1-wrap\">\r\n\t<label id=\"fld_9826293Label\" for=\"fld_9826293_1\" class=\"control-label\">Fax<\/label>\r\n\t<div class=\"\">\r\n\t\t<input    type=\"text\" data-field=\"fld_9826293\" class=\" form-control\" id=\"fld_9826293_1\" name=\"fld_9826293\" value=\"\" data-type=\"text\"   aria-labelledby=\"fld_9826293Label\" >\t\t\t<\/div>\r\n<\/div>\r\n<\/div><\/div><div id=\"CF5abb68684ee1e_1-row-7\"  class=\"row \"><div  class=\"col-sm-12  single\"><div data-field-wrapper=\"fld_6009157\" class=\"form-group col-50\" id=\"fld_6009157_1-wrap\">\r\n\t<label id=\"fld_6009157Label\" for=\"fld_6009157_1\" class=\"control-label\">Email <span aria-hidden=\"true\" role=\"presentation\" class=\"field_required\" style=\"color:#ee0000;\">*<\/span><\/label>\r\n\t<div class=\"\">\r\n\t\t<input   required type=\"email\" data-field=\"fld_6009157\" class=\" form-control\" id=\"fld_6009157_1\" name=\"fld_6009157\" value=\"\" data-type=\"email\" aria-required=\"true\"   aria-labelledby=\"fld_6009157Label\" >\t\t\t<\/div>\r\n<\/div>\r\n<\/div><\/div><div id=\"CF5abb68684ee1e_1-row-8\"  class=\"row \"><div  class=\"col-sm-12  single\"><div data-field-wrapper=\"fld_7683514\" class=\"form-group\" id=\"fld_7683514_1-wrap\">\r\n\t<label id=\"fld_7683514Label\" for=\"fld_7683514_1\" class=\"control-label\">Your message <span aria-hidden=\"true\" role=\"presentation\" class=\"field_required\" style=\"color:#ee0000;\">*<\/span><\/label>\r\n\t<div class=\"\">\r\n\t\t<textarea name=\"fld_7683514\" value=\"\" data-field=\"fld_7683514\" class=\"form-control\" id=\"fld_7683514_1\" rows=\"7\"  required=\"required\"  aria-labelledby=\"fld_7683514Label\" ><\/textarea>\n\t\t\t<\/div>\r\n<\/div>\r\n<\/div><\/div><div id=\"CF5abb68684ee1e_1-row-9\"  class=\"row  last_row\"><div  class=\"col-sm-6  first_col\"><div class=\"mentions\">* Required fields<\/div><\/div><div  class=\"col-sm-6  last_col\"><div data-field-wrapper=\"fld_7908577\" class=\"form-group\" id=\"fld_7908577_1-wrap\">\r\n<div class=\"\">\r\n\t<input  class=\"btn btn-default\" type=\"submit\" name=\"fld_7908577\" id=\"fld_7908577_1\" value=\"Submit\" data-field=\"fld_7908577\"  >\n<\/div>\r\n<\/div>\r\n\t<input class=\"button_trigger_1\" type=\"hidden\" name=\"fld_7908577\" id=\"fld_7908577_1_btn\" value=\"\" data-field=\"fld_7908577\"  \/>\n<\/div><\/div><\/form>\r\n<\/div>\r\n\n","protected":false},"excerpt":{"rendered":"<p>Min\u00e9lec Z.A. le Boulais &#8211; 35690 Acign\u00e9 T\u00e9l\u00e9phone : 02 23 35 53 70 N&#8217;HESITEZ PAS A NOUS CONTACTER DIRECTEMENT PAR LE BIAIS DE CE FORMULAIRE : &#8230;notre \u00e9quipe vous r\u00e9pondra dans les plus brefs d\u00e9lais.<\/p>\n","protected":false},"author":1,"featured_media":0,"parent":0,"menu_order":20,"comment_status":"closed","ping_status":"closed","template":"contact.php","meta":{"_acf_changed":false,"footnotes":""},"class_list":["post-6548","page","type-page","status-publish","hentry"],"acf":[],"_links":{"self":[{"href":"https:\/\/www.minelec.fr\/en\/wp-json\/wp\/v2\/pages\/6548"}],"collection":[{"href":"https:\/\/www.minelec.fr\/en\/wp-json\/wp\/v2\/pages"}],"about":[{"href":"https:\/\/www.minelec.fr\/en\/wp-json\/wp\/v2\/types\/page"}],"author":[{"embeddable":true,"href":"https:\/\/www.minelec.fr\/en\/wp-json\/wp\/v2\/users\/1"}],"replies":[{"embeddable":true,"href":"https:\/\/www.minelec.fr\/en\/wp-json\/wp\/v2\/comments?post=6548"}],"version-history":[{"count":2,"href":"https:\/\/www.minelec.fr\/en\/wp-json\/wp\/v2\/pages\/6548\/revisions"}],"predecessor-version":[{"id":6552,"href":"https:\/\/www.minelec.fr\/en\/wp-json\/wp\/v2\/pages\/6548\/revisions\/6552"}],"wp:attachment":[{"href":"https:\/\/www.minelec.fr\/en\/wp-json\/wp\/v2\/media?parent=6548"}],"curies":[{"name":"wp","href":"https:\/\/api.w.org\/{rel}","templated":true}]}}